{"id":1630,"date":"2025-03-11T13:35:40","date_gmt":"2025-03-11T13:35:40","guid":{"rendered":"https:\/\/coarcaen.sviluppokeyweb.com\/prodotto\/spillone-a-chiodo-con-rosetta-tropicalizzato-giallo\/"},"modified":"2025-10-17T10:17:57","modified_gmt":"2025-10-17T10:17:57","slug":"nail-type-large-pin-with-washer-yellow-tropicalised","status":"publish","type":"product","link":"https:\/\/coarcaen.sviluppokeyweb.com\/en\/prodotto\/nail-type-large-pin-with-washer-yellow-tropicalised\/","title":{"rendered":"Nail-Type Large Pin with Washer, Yellow Tropicalised"},"content":{"rendered":"<p>Box of 100 pieces.<\/p>\n<ul>\n<li><strong>Item:<\/strong> 72.180.06 | <strong>Length:<\/strong> 18 cm | <strong>\u00d8:<\/strong> 6 mm | <strong>Pack Size:<\/strong> 100<\/li>\n<li><strong>Item:<\/strong> 72.200.06 | <strong>Length:<\/strong> 20 cm | <strong>\u00d8:<\/strong> 6 mm | <strong>Pack Size:<\/strong> 100<\/li>\n<li><strong>Item:<\/strong> 72.220.07 | <strong>Length:<\/strong> 22 cm | <strong>\u00d8:<\/strong> 7 mm | <strong>Pack Size:<\/strong> 100<\/li>\n<li><strong>Item:<\/strong> 72.250.07 | <strong>Length:<\/strong> 25 cm | <strong>\u00d8:<\/strong> 7 mm | <strong>Pack Size:<\/strong> 100<\/li>\n<li><strong>Item:<\/strong> 72.300.07 | <strong>Length:<\/strong> 30 cm | <strong>\u00d8:<\/strong> 7 mm | <strong>Pack Size:<\/strong> 100<\/li>\n<\/ul>\n<p>&nbsp;<\/p>\n<p>Self-Service Pack of 6 pieces, box of 10 packs.<\/p>\n<ul>\n<li><strong>Item:<\/strong> 72.181.06 | <strong>Length:<\/strong> 18 cm | <strong>\u00d8:<\/strong> 6 mm | <strong>Pack Size:<\/strong> 6<\/li>\n<li><strong>Item:<\/strong> 72.201.06 | <strong>Length:<\/strong> 20 cm | <strong>\u00d8:<\/strong> 6 mm | <strong>Pack Size:<\/strong> 6<\/li>\n<li><strong>Item:<\/strong> 72.221.07 | <strong>Length:<\/strong> 22 cm | <strong>\u00d8:<\/strong> 7 mm | <strong>Pack Size:<\/strong> 6<\/li>\n<li><strong>Item:<\/strong> 72.251.07 | <strong>Length:<\/strong> 25 cm | <strong>\u00d8:<\/strong> 7 mm | <strong>Pack Size:<\/strong> 6<\/li>\n<li><strong>Item:<\/strong> 72.301.07 | <strong>Length:<\/strong> 30 cm | <strong>\u00d8:<\/strong> 7 mm | <strong>Pack Size:<\/strong> 6<\/li>\n<\/ul>\n","protected":false},"excerpt":{"rendered":"<p>Box of 100 pieces. Item: 72.180.06 | Length: 18 cm | \u00d8: 6 mm | Pack Size: 100 Item: 72.200.06 | Length: 20 cm | \u00d8: 6 mm | Pack Size: 100 Item: 72.220.07 | Length: 22 cm | \u00d8: 7 mm | Pack Size: 100 Item: 72.250.07 | Length: 25 cm | \u00d8: 7 [&hellip;]<\/p>\n","protected":false},"featured_media":1631,"template":"","meta":{"_acf_changed":false,"_et_pb_use_builder":"off","_et_pb_old_content":"Confezione in scatola da 100 pezzi.\r\nArticolo: 72.180.06; 72.200.06, 72.220.07, 72.250.07, 72.300.07 Lunghezza cm: 18, 20, 22, 25, 30 \u00d8 mm: 6, 6, 7, 7, 7 Conf. Da: 100, 100, 100, 100, 100\r\n\r\nConfezione Self-service da 6 pezzi ed in scatola da 10 confezioni.\r\nArticolo: 72.181.06; 72.201.06, 72.221.07, 72.251.07, 72.301.07 Lunghezza cm: 18, 20, 22, 25, 30 \u00d8 mm: 6, 6, 7, 7, 7 Conf. Da: 6, 6, 6, 6, 6","_et_gb_content_width":""},"product_brand":[],"product_cat":[46],"product_tag":[],"class_list":{"0":"post-1630","1":"product","2":"type-product","3":"status-publish","4":"has-post-thumbnail","6":"product_cat-accessories","8":"first","9":"instock","10":"shipping-taxable","11":"product-type-simple"},"acf":[],"yoast_head":"<!-- This site is optimized with the Yoast SEO plugin v26.8 - https:\/\/yoast.com\/product\/yoast-seo-wordpress\/ -->\n<title>Nail-Type Large Pin with Washer, Yellow Tropicalised - Coarca<\/title>\n<meta name=\"robots\" content=\"noindex, follow, max-snippet:-1, max-image-preview:large, max-video-preview:-1\" \/>\n<meta property=\"og:locale\" content=\"en_US\" \/>\n<meta property=\"og:type\" content=\"article\" \/>\n<meta property=\"og:title\" content=\"Nail-Type Large Pin with Washer, Yellow Tropicalised - Coarca\" \/>\n<meta property=\"og:description\" content=\"Box of 100 pieces. Item: 72.180.06 | Length: 18 cm | \u00d8: 6 mm | Pack Size: 100 Item: 72.200.06 | Length: 20 cm | \u00d8: 6 mm | Pack Size: 100 Item: 72.220.07 | Length: 22 cm | \u00d8: 7 mm | Pack Size: 100 Item: 72.250.07 | Length: 25 cm | \u00d8: 7 [&hellip;]\" \/>\n<meta property=\"og:url\" content=\"https:\/\/coarcaen.sviluppokeyweb.com\/en\/prodotto\/nail-type-large-pin-with-washer-yellow-tropicalised\/\" \/>\n<meta property=\"og:site_name\" content=\"Coarca\" \/>\n<meta property=\"article:modified_time\" content=\"2025-10-17T10:17:57+00:00\" \/>\n<meta property=\"og:image\" content=\"https:\/\/coarcaen.sviluppokeyweb.com\/wp-content\/uploads\/2025\/03\/spillone-2.webp\" \/>\n\t<meta property=\"og:image:width\" content=\"320\" \/>\n\t<meta property=\"og:image:height\" content=\"240\" \/>\n\t<meta property=\"og:image:type\" content=\"image\/webp\" \/>\n<meta name=\"twitter:card\" content=\"summary_large_image\" \/>\n<meta name=\"twitter:label1\" content=\"Est. reading time\" \/>\n\t<meta name=\"twitter:data1\" content=\"2 minutes\" \/>\n<script type=\"application\/ld+json\" class=\"yoast-schema-graph\">{\"@context\":\"https:\/\/schema.org\",\"@graph\":[{\"@type\":\"WebPage\",\"@id\":\"https:\/\/coarcaen.sviluppokeyweb.com\/en\/prodotto\/nail-type-large-pin-with-washer-yellow-tropicalised\/\",\"url\":\"https:\/\/coarcaen.sviluppokeyweb.com\/en\/prodotto\/nail-type-large-pin-with-washer-yellow-tropicalised\/\",\"name\":\"Nail-Type Large Pin with Washer, Yellow Tropicalised - Coarca\",\"isPartOf\":{\"@id\":\"https:\/\/coarcaen.sviluppokeyweb.com\/en\/#website\"},\"primaryImageOfPage\":{\"@id\":\"https:\/\/coarcaen.sviluppokeyweb.com\/en\/prodotto\/nail-type-large-pin-with-washer-yellow-tropicalised\/#primaryimage\"},\"image\":{\"@id\":\"https:\/\/coarcaen.sviluppokeyweb.com\/en\/prodotto\/nail-type-large-pin-with-washer-yellow-tropicalised\/#primaryimage\"},\"thumbnailUrl\":\"https:\/\/coarcaen.sviluppokeyweb.com\/wp-content\/uploads\/2025\/03\/spillone-2.webp\",\"datePublished\":\"2025-03-11T13:35:40+00:00\",\"dateModified\":\"2025-10-17T10:17:57+00:00\",\"breadcrumb\":{\"@id\":\"https:\/\/coarcaen.sviluppokeyweb.com\/en\/prodotto\/nail-type-large-pin-with-washer-yellow-tropicalised\/#breadcrumb\"},\"inLanguage\":\"en-US\",\"potentialAction\":[{\"@type\":\"ReadAction\",\"target\":[\"https:\/\/coarcaen.sviluppokeyweb.com\/en\/prodotto\/nail-type-large-pin-with-washer-yellow-tropicalised\/\"]}]},{\"@type\":\"ImageObject\",\"inLanguage\":\"en-US\",\"@id\":\"https:\/\/coarcaen.sviluppokeyweb.com\/en\/prodotto\/nail-type-large-pin-with-washer-yellow-tropicalised\/#primaryimage\",\"url\":\"https:\/\/coarcaen.sviluppokeyweb.com\/wp-content\/uploads\/2025\/03\/spillone-2.webp\",\"contentUrl\":\"https:\/\/coarcaen.sviluppokeyweb.com\/wp-content\/uploads\/2025\/03\/spillone-2.webp\",\"width\":320,\"height\":240},{\"@type\":\"BreadcrumbList\",\"@id\":\"https:\/\/coarcaen.sviluppokeyweb.com\/en\/prodotto\/nail-type-large-pin-with-washer-yellow-tropicalised\/#breadcrumb\",\"itemListElement\":[{\"@type\":\"ListItem\",\"position\":1,\"name\":\"Home\",\"item\":\"https:\/\/coarcaen.sviluppokeyweb.com\/en\/\"},{\"@type\":\"ListItem\",\"position\":2,\"name\":\"Shop\",\"item\":\"https:\/\/coarcaen.sviluppokeyweb.com\/en\/shop\/\"},{\"@type\":\"ListItem\",\"position\":3,\"name\":\"Nail-Type Large Pin with Washer, Yellow Tropicalised\"}]},{\"@type\":\"WebSite\",\"@id\":\"https:\/\/coarcaen.sviluppokeyweb.com\/en\/#website\",\"url\":\"https:\/\/coarcaen.sviluppokeyweb.com\/en\/\",\"name\":\"Coarca\",\"description\":\"\",\"potentialAction\":[{\"@type\":\"SearchAction\",\"target\":{\"@type\":\"EntryPoint\",\"urlTemplate\":\"https:\/\/coarcaen.sviluppokeyweb.com\/en\/?s={search_term_string}\"},\"query-input\":{\"@type\":\"PropertyValueSpecification\",\"valueRequired\":true,\"valueName\":\"search_term_string\"}}],\"inLanguage\":\"en-US\"}]}<\/script>\n<!-- \/ Yoast SEO plugin. -->","yoast_head_json":{"title":"Nail-Type Large Pin with Washer, Yellow Tropicalised - Coarca","robots":{"index":"noindex","follow":"follow","max-snippet":"max-snippet:-1","max-image-preview":"max-image-preview:large","max-video-preview":"max-video-preview:-1"},"og_locale":"en_US","og_type":"article","og_title":"Nail-Type Large Pin with Washer, Yellow Tropicalised - Coarca","og_description":"Box of 100 pieces. Item: 72.180.06 | Length: 18 cm | \u00d8: 6 mm | Pack Size: 100 Item: 72.200.06 | Length: 20 cm | \u00d8: 6 mm | Pack Size: 100 Item: 72.220.07 | Length: 22 cm | \u00d8: 7 mm | Pack Size: 100 Item: 72.250.07 | Length: 25 cm | \u00d8: 7 [&hellip;]","og_url":"https:\/\/coarcaen.sviluppokeyweb.com\/en\/prodotto\/nail-type-large-pin-with-washer-yellow-tropicalised\/","og_site_name":"Coarca","article_modified_time":"2025-10-17T10:17:57+00:00","og_image":[{"width":320,"height":240,"url":"https:\/\/coarcaen.sviluppokeyweb.com\/wp-content\/uploads\/2025\/03\/spillone-2.webp","type":"image\/webp"}],"twitter_card":"summary_large_image","twitter_misc":{"Est. reading time":"2 minutes"},"schema":{"@context":"https:\/\/schema.org","@graph":[{"@type":"WebPage","@id":"https:\/\/coarcaen.sviluppokeyweb.com\/en\/prodotto\/nail-type-large-pin-with-washer-yellow-tropicalised\/","url":"https:\/\/coarcaen.sviluppokeyweb.com\/en\/prodotto\/nail-type-large-pin-with-washer-yellow-tropicalised\/","name":"Nail-Type Large Pin with Washer, Yellow Tropicalised - Coarca","isPartOf":{"@id":"https:\/\/coarcaen.sviluppokeyweb.com\/en\/#website"},"primaryImageOfPage":{"@id":"https:\/\/coarcaen.sviluppokeyweb.com\/en\/prodotto\/nail-type-large-pin-with-washer-yellow-tropicalised\/#primaryimage"},"image":{"@id":"https:\/\/coarcaen.sviluppokeyweb.com\/en\/prodotto\/nail-type-large-pin-with-washer-yellow-tropicalised\/#primaryimage"},"thumbnailUrl":"https:\/\/coarcaen.sviluppokeyweb.com\/wp-content\/uploads\/2025\/03\/spillone-2.webp","datePublished":"2025-03-11T13:35:40+00:00","dateModified":"2025-10-17T10:17:57+00:00","breadcrumb":{"@id":"https:\/\/coarcaen.sviluppokeyweb.com\/en\/prodotto\/nail-type-large-pin-with-washer-yellow-tropicalised\/#breadcrumb"},"inLanguage":"en-US","potentialAction":[{"@type":"ReadAction","target":["https:\/\/coarcaen.sviluppokeyweb.com\/en\/prodotto\/nail-type-large-pin-with-washer-yellow-tropicalised\/"]}]},{"@type":"ImageObject","inLanguage":"en-US","@id":"https:\/\/coarcaen.sviluppokeyweb.com\/en\/prodotto\/nail-type-large-pin-with-washer-yellow-tropicalised\/#primaryimage","url":"https:\/\/coarcaen.sviluppokeyweb.com\/wp-content\/uploads\/2025\/03\/spillone-2.webp","contentUrl":"https:\/\/coarcaen.sviluppokeyweb.com\/wp-content\/uploads\/2025\/03\/spillone-2.webp","width":320,"height":240},{"@type":"BreadcrumbList","@id":"https:\/\/coarcaen.sviluppokeyweb.com\/en\/prodotto\/nail-type-large-pin-with-washer-yellow-tropicalised\/#breadcrumb","itemListElement":[{"@type":"ListItem","position":1,"name":"Home","item":"https:\/\/coarcaen.sviluppokeyweb.com\/en\/"},{"@type":"ListItem","position":2,"name":"Shop","item":"https:\/\/coarcaen.sviluppokeyweb.com\/en\/shop\/"},{"@type":"ListItem","position":3,"name":"Nail-Type Large Pin with Washer, Yellow Tropicalised"}]},{"@type":"WebSite","@id":"https:\/\/coarcaen.sviluppokeyweb.com\/en\/#website","url":"https:\/\/coarcaen.sviluppokeyweb.com\/en\/","name":"Coarca","description":"","potentialAction":[{"@type":"SearchAction","target":{"@type":"EntryPoint","urlTemplate":"https:\/\/coarcaen.sviluppokeyweb.com\/en\/?s={search_term_string}"},"query-input":{"@type":"PropertyValueSpecification","valueRequired":true,"valueName":"search_term_string"}}],"inLanguage":"en-US"}]}},"_links":{"self":[{"href":"https:\/\/coarcaen.sviluppokeyweb.com\/en\/wp-json\/wp\/v2\/product\/1630","targetHints":{"allow":["GET"]}}],"collection":[{"href":"https:\/\/coarcaen.sviluppokeyweb.com\/en\/wp-json\/wp\/v2\/product"}],"about":[{"href":"https:\/\/coarcaen.sviluppokeyweb.com\/en\/wp-json\/wp\/v2\/types\/product"}],"wp:featuredmedia":[{"embeddable":true,"href":"https:\/\/coarcaen.sviluppokeyweb.com\/en\/wp-json\/wp\/v2\/media\/1631"}],"wp:attachment":[{"href":"https:\/\/coarcaen.sviluppokeyweb.com\/en\/wp-json\/wp\/v2\/media?parent=1630"}],"wp:term":[{"taxonomy":"product_brand","embeddable":true,"href":"https:\/\/coarcaen.sviluppokeyweb.com\/en\/wp-json\/wp\/v2\/product_brand?post=1630"},{"taxonomy":"product_cat","embeddable":true,"href":"https:\/\/coarcaen.sviluppokeyweb.com\/en\/wp-json\/wp\/v2\/product_cat?post=1630"},{"taxonomy":"product_tag","embeddable":true,"href":"https:\/\/coarcaen.sviluppokeyweb.com\/en\/wp-json\/wp\/v2\/product_tag?post=1630"}],"curies":[{"name":"wp","href":"https:\/\/api.w.org\/{rel}","templated":true}]}}